{"id":45,"date":"2018-02-28T23:44:11","date_gmt":"2018-02-28T23:44:11","guid":{"rendered":"https:\/\/fbln.me\/cirg\/?page_id=45"},"modified":"2020-07-20T12:49:31","modified_gmt":"2020-07-20T12:49:31","slug":"references","status":"publish","type":"page","link":"https:\/\/fbln.me\/cirg\/references\/","title":{"rendered":"Sources"},"content":{"rendered":"<ul>\n<li><span style=\"color: #000000; font-size: small;\"><a href=\"http:\/\/www.scielo.br\/scielo.php?script=sci_abstract&amp;pid=S0011-52581999000100008&amp;lng=en&amp;nrm=iso&amp;tlng=en\">A Universidade Brasileira e a P\u00f3s-Modernidade<\/a><br \/>\n<strong>LESSA, Carlos<\/strong><br \/>\nDados, 1999, vol.42, no.1, p.159-188. ISSN 0011-5258.<\/span><\/li>\n<li><span style=\"color: #000000; font-size: small;\"><a href=\"http:\/\/www.fbln.pro.br\/downloadable\/pdf\/Turing_ComputerMachineryAndIntelligence.pdf\">Computer Machinery and Intelligence<\/a><br \/>\n<strong>TURING, Alan Mathison<\/strong><br \/>\nMind, 59, 433-460 (1950).<\/span><\/li>\n<li><span style=\"color: #000000; font-size: small;\"><a href=\"http:\/\/www.fbln.pro.br\/downloadable\/pdf\/Texto_ConexoesOcultas.pdf\">Conex\u00f5es Ocultas<\/a><br \/>\n<strong> CAPRA, Fritoj<\/strong><br \/>\nIDESA. S\u00e3o Paulo, 11st August 2003.<\/span><\/li>\n<li><span style=\"color: #000000; font-size: small;\"><a href=\"http:\/\/www.fbln.pro.br\/downloadable\/pdf\/CMSI_declaracaoprincipios_Genebra2003.pdf\">Declara\u00e7\u00e3o de Princ\u00edpios: Sociedade da Informa\u00e7\u00e3o<\/a><br \/>\n<strong> UNESCO<\/strong><br \/>\nWorld Summit on the Information Society. Geneva 2003 &#8211; Tunis 2005.<br \/>\nDocument WSIS-03\/GENEVA\/DOC\/4-E. 12nd December 2003.<br \/>\nOriginal: English..<\/span><\/li>\n<li><span style=\"color: #000000; font-size: small;\"><a href=\"http:\/\/www.fbln.pro.br\/downloadable\/pdf\/Texto_AlexCarvalho_MetodologiaCientifica.pdf\">O que \u00e9 Metodologia Cient\u00edfica<\/a><br \/>\n<strong> CARVALHO, Alex et al.<\/strong><br \/>\n&#8220;Aprendendo Metodologia Cient\u00edfica&#8221;. S\u00e3o Paulo: O Nome da Rosa, 2000, pp. 11&#8211;69.<\/span><\/li>\n<\/ul>\n","protected":false},"excerpt":{"rendered":"<p>A Universidade Brasileira e a P\u00f3s-Modernidade LESSA, Carlos Dados, 1999, vol.42, no.1, p.159-188. ISSN 0011-5258. Computer Machinery and Intelligence TURING, Alan Mathison Mind, 59, 433-460&hellip;<\/p>\n","protected":false},"author":3,"featured_media":0,"parent":0,"menu_order":0,"comment_status":"closed","ping_status":"closed","template":"","meta":[],"_links":{"self":[{"href":"https:\/\/fbln.me\/cirg\/wp-json\/wp\/v2\/pages\/45"}],"collection":[{"href":"https:\/\/fbln.me\/cirg\/wp-json\/wp\/v2\/pages"}],"about":[{"href":"https:\/\/fbln.me\/cirg\/wp-json\/wp\/v2\/types\/page"}],"author":[{"embeddable":true,"href":"https:\/\/fbln.me\/cirg\/wp-json\/wp\/v2\/users\/3"}],"replies":[{"embeddable":true,"href":"https:\/\/fbln.me\/cirg\/wp-json\/wp\/v2\/comments?post=45"}],"version-history":[{"count":1,"href":"https:\/\/fbln.me\/cirg\/wp-json\/wp\/v2\/pages\/45\/revisions"}],"predecessor-version":[{"id":223,"href":"https:\/\/fbln.me\/cirg\/wp-json\/wp\/v2\/pages\/45\/revisions\/223"}],"wp:attachment":[{"href":"https:\/\/fbln.me\/cirg\/wp-json\/wp\/v2\/media?parent=45"}],"curies":[{"name":"wp","href":"https:\/\/api.w.org\/{rel}","templated":true}]}}