{"id":44,"date":"2020-06-29T21:46:20","date_gmt":"2020-06-29T21:46:20","guid":{"rendered":"https:\/\/fbln.me\/ia-ne\/?page_id=44"},"modified":"2020-09-27T02:07:08","modified_gmt":"2020-09-27T05:07:08","slug":"objetivos","status":"publish","type":"page","link":"https:\/\/fbln.me\/ia-ne\/objetivos\/","title":{"rendered":"Objetivos"},"content":{"rendered":"\n<h3>GERAIS<\/h3>\n\n\n\n<p>\u25cf Desenvolver pesquisa cient\u00edfica de vanguarda com padr\u00e3o internacional na \u00e1rea de IA; <\/p>\n\n\n\n<p>\u25cf Formar recursos humanos qualificados na \u00e1rea de IA;<\/p>\n\n\n\n<p>\u25cf Realizar transfer\u00eancia de conhecimento para a sociedade;<\/p>\n\n\n\n<p>\u25cf Realizar transfer\u00eancia de conhecimento para o setor empresarial.<\/p>\n\n\n\n<p><\/p>\n\n\n\n<h3>POR EIXO TEM\u00c1TICO<\/h3>\n\n\n\n<p>&#8211;<strong>Ensino<\/strong>: Estabelecer e Manter um Programa de Doutorado e Mestrado Industrial em Rede;<br>&#8211;<strong>Pesquisa<\/strong>: Fomentar pesquisas colaborativas para o desenvolvimento e promo\u00e7\u00e3o de novas t\u00e9cnicas e algoritmos em problemas de IA, construir e manter um reposit\u00f3rio multiusu\u00e1rio de Pesquisa de Dados e Algoritmos;<br>&#8211;<strong>Extens\u00e3o<\/strong>: Estabelecer e Manter um centro de certifica\u00e7\u00e3o e capacita\u00e7\u00e3o \u201cIANE Academy\u201d;<br>&#8211;<strong>Transfer\u00eancia<\/strong>: Estabelecer e Manter um \u2018IANE Resolution Center\u2019 para problemas complexos da Ind\u00fastria e do Governo;<br>&#8211;<strong>Interioriza\u00e7\u00e3o<\/strong>: Identificar, Capacitar, Popular, Apoiar e Integrar Polos de Pesquisa e Aplica\u00e7\u00e3o de IA no interior do Nordeste do Brasil;<br>&#8211;<strong>Internacionaliza\u00e7\u00e3o<\/strong>: Prospectar, Interligar, Colaborar, e Intercambiar conhecimento e pessoas com Polos Nacionais e Internacionais que possuam interesse convergente com a Rede IANE;<br>&#8211;<strong>Empreendedorismo em IA<\/strong>: Identificar, Capacitar, Apoiar e Acelerar potenciais Startups promissoras em IA do Nordeste do Brasil;<br>&#8211;<strong>Divulga\u00e7\u00e3o de IA<\/strong>: Conceber e Implementar a\u00e7\u00f5es sistem\u00e1ticas de divulga\u00e7\u00e3o Cient\u00edfica, Tecnol\u00f3gica e Culturais em IA do Nordeste do Brasil.<\/p>\n","protected":false},"excerpt":{"rendered":"<p>GERAIS \u25cf Desenvolver pesquisa cient\u00edfica de vanguarda com padr\u00e3o internacional na \u00e1rea de IA; \u25cf Formar recursos humanos qualificados na \u00e1rea de IA; \u25cf Realizar transfer\u00eancia de conhecimento para a sociedade; \u25cf Realizar transfer\u00eancia de conhecimento para o setor empresarial. POR EIXO TEM\u00c1TICO &#8211;Ensino: Estabelecer e Manter um Programa de Doutorado e Mestrado Industrial em [&hellip;]<\/p>\n","protected":false},"author":1,"featured_media":0,"parent":0,"menu_order":0,"comment_status":"closed","ping_status":"closed","template":"","meta":[],"_links":{"self":[{"href":"https:\/\/fbln.me\/ia-ne\/wp-json\/wp\/v2\/pages\/44"}],"collection":[{"href":"https:\/\/fbln.me\/ia-ne\/wp-json\/wp\/v2\/pages"}],"about":[{"href":"https:\/\/fbln.me\/ia-ne\/wp-json\/wp\/v2\/types\/page"}],"author":[{"embeddable":true,"href":"https:\/\/fbln.me\/ia-ne\/wp-json\/wp\/v2\/users\/1"}],"replies":[{"embeddable":true,"href":"https:\/\/fbln.me\/ia-ne\/wp-json\/wp\/v2\/comments?post=44"}],"version-history":[{"count":5,"href":"https:\/\/fbln.me\/ia-ne\/wp-json\/wp\/v2\/pages\/44\/revisions"}],"predecessor-version":[{"id":196,"href":"https:\/\/fbln.me\/ia-ne\/wp-json\/wp\/v2\/pages\/44\/revisions\/196"}],"wp:attachment":[{"href":"https:\/\/fbln.me\/ia-ne\/wp-json\/wp\/v2\/media?parent=44"}],"curies":[{"name":"wp","href":"https:\/\/api.w.org\/{rel}","templated":true}]}}