{"id":6,"date":"2020-06-29T20:48:31","date_gmt":"2020-06-29T20:48:31","guid":{"rendered":"https:\/\/fbln.me\/ia-ne\/?page_id=6"},"modified":"2022-06-05T13:15:01","modified_gmt":"2022-06-05T16:15:01","slug":"home","status":"publish","type":"page","link":"https:\/\/fbln.me\/ia-ne\/","title":{"rendered":"A Rede Cient\u00edfica NE de IA"},"content":{"rendered":"\n<div class=\"wp-container-1 wp-block-group alignwide\"><div class=\"wp-block-group__inner-container\"><div class=\"wp-block-image\">\n<figure class=\"aligncenter size-large\"><a href=\"https:\/\/fbln.me\/ia-ne\/noticias\/\"><img src=\"http:\/\/fbln.me\/ia-ne\/wp-content\/uploads\/2020\/06\/IANE.jpg.jpg\" alt=\"IANE LOGO\"\/><\/a><figcaption><strong><a href=\"http:\/\/fbln.me\/ia-ne\/noticias\/\">Not\u00edcias, Palestras, e Novidades<\/a><\/strong><\/figcaption><\/figure><\/div><\/div><\/div>\n\n\n\n<div class=\"wp-container-8 wp-block-columns alignwide\">\n<div class=\"wp-container-4 wp-block-column\">\n<div class=\"wp-container-2 wp-block-group\"><div class=\"wp-block-group__inner-container\">\n<h4>\u201cPesquisas em IA para transformar problemas complexos em&nbsp; solu\u00e7\u00f5es eficazes para uma sociedade melhor\u201d<\/h4>\n<\/div><\/div>\n\n\n\n<div class=\"wp-container-3 wp-block-group\"><div class=\"wp-block-group__inner-container\">\n<h3>WEF &#8211; IA \u00e9 o futuro<\/h3>\n\n\n\n<figure class=\"wp-block-image alignfull size-large is-style-rounded\"><a href=\"http:\/\/www.weforum.org\/videos\/how-are-the-forum-and-partners-shaping-the-future-of-artificial-intelligence-and-machine-learning\"><img src=\"http:\/\/fbln.me\/ia-ne\/wp-content\/uploads\/2020\/07\/WEF.jpg\" alt=\"\"\/><\/a><\/figure>\n\n\n\n<p>(Tecnologia e Governan\u00e7a)<\/p>\n\n\n\n<div class=\"wp-block-button is-style-outline\"><a class=\"wp-block-button__link\" href=\"https:\/\/www.weforum.org\/platforms\/shaping-the-future-of-technology-governance-artificial-intelligence-and-machine-learning\" target=\"_blank\" rel=\"noreferrer noopener\">Leia mais (EM INGL\u00eaS)<\/a><\/div>\n<\/div><\/div>\n<\/div>\n\n\n\n<div class=\"wp-container-7 wp-block-column\">\n<div class=\"wp-container-5 wp-block-group\"><div class=\"wp-block-group__inner-container\">\n<h4 class=\"has-text-align-center\"><a href=\"http:\/\/fbln.me\/ia-ne\/overview\/\"><em><mark style=\"background-color:rgba(0, 0, 0, 0)\" class=\"has-inline-color has-secondary-color\">Overview in <em>English<\/em><\/mark><\/em> <em><mark style=\"background-color:rgba(0, 0, 0, 0)\" class=\"has-inline-color has-secondary-color\">of  IARA\/IANE Nets <\/mark><\/em><\/a><em><mark style=\"background-color:rgba(0, 0, 0, 0)\" class=\"has-inline-color has-secondary-color\"><a href=\"https:\/\/fbln.me\/ia-ne\/overview\/\"><\/a><\/mark><\/em><\/h4>\n<\/div><\/div>\n\n\n\n<div class=\"wp-container-6 wp-block-group\"><div class=\"wp-block-group__inner-container\">\n<h3>Pol\u00edticas Europeias para IA<\/h3>\n\n\n\n<figure class=\"wp-block-image alignfull size-large is-style-default\"><a href=\"https:\/\/www.coe.int\/en\/web\/artificial-intelligence\"><img src=\"http:\/\/fbln.me\/ia-ne\/wp-content\/uploads\/2020\/07\/EU-AI.jpg\" alt=\"\"\/><\/a><\/figure>\n\n\n\n<p>(Dire\u00e7\u00f5es para um Futuro Melhor)<\/p>\n\n\n\n<p>Assistam os videos!<\/p>\n\n\n\n<div class=\"wp-block-button is-style-outline\"><a class=\"wp-block-button__link\" href=\"https:\/\/ec.europa.eu\/digital-single-market\/en\/artificial-intelligence\" target=\"_blank\" rel=\"noreferrer noopener\">LEIA MAIs (em Ingl\u00eas)<\/a><\/div>\n<\/div><\/div>\n<\/div>\n<\/div>\n\n\n\n<div class=\"wp-container-9 wp-block-group alignwide\"><div class=\"wp-block-group__inner-container\"><\/div><\/div>\n\n\n\n<p><\/p>\n\n\n\n<div class=\"wp-container-11 wp-block-group alignwide has-background\" style=\"background-color:#ffffff\"><div class=\"wp-block-group__inner-container\">\n<div class=\"wp-container-10 wp-block-group\"><div class=\"wp-block-group__inner-container\">\n<h3 class=\"has-text-align-center\">Se voc\u00ea \u00e9 um pesquisador produtivo em IA no NE, a IANE\/IARA talvez seja seu lugar. <\/h3>\n<\/div><\/div>\n<\/div><\/div>\n","protected":false},"excerpt":{"rendered":"<p>\u201cPesquisas em IA para transformar problemas complexos em&nbsp; solu\u00e7\u00f5es eficazes para uma sociedade melhor\u201d WEF &#8211; IA \u00e9 o futuro (Tecnologia e Governan\u00e7a) Overview in English of IARA\/IANE Nets Pol\u00edticas Europeias para IA (Dire\u00e7\u00f5es para um Futuro Melhor) Assistam os videos! Se voc\u00ea \u00e9 um pesquisador produtivo em IA no NE, a IANE\/IARA talvez seja [&hellip;]<\/p>\n","protected":false},"author":1,"featured_media":0,"parent":0,"menu_order":0,"comment_status":"closed","ping_status":"closed","template":"","meta":[],"_links":{"self":[{"href":"https:\/\/fbln.me\/ia-ne\/wp-json\/wp\/v2\/pages\/6"}],"collection":[{"href":"https:\/\/fbln.me\/ia-ne\/wp-json\/wp\/v2\/pages"}],"about":[{"href":"https:\/\/fbln.me\/ia-ne\/wp-json\/wp\/v2\/types\/page"}],"author":[{"embeddable":true,"href":"https:\/\/fbln.me\/ia-ne\/wp-json\/wp\/v2\/users\/1"}],"replies":[{"embeddable":true,"href":"https:\/\/fbln.me\/ia-ne\/wp-json\/wp\/v2\/comments?post=6"}],"version-history":[{"count":38,"href":"https:\/\/fbln.me\/ia-ne\/wp-json\/wp\/v2\/pages\/6\/revisions"}],"predecessor-version":[{"id":239,"href":"https:\/\/fbln.me\/ia-ne\/wp-json\/wp\/v2\/pages\/6\/revisions\/239"}],"wp:attachment":[{"href":"https:\/\/fbln.me\/ia-ne\/wp-json\/wp\/v2\/media?parent=6"}],"curies":[{"name":"wp","href":"https:\/\/api.w.org\/{rel}","templated":true}]}}