{"id":7,"date":"2020-06-29T20:48:31","date_gmt":"2020-06-29T20:48:31","guid":{"rendered":"https:\/\/fbln.me\/ia-ne\/?page_id=7"},"modified":"2020-07-09T17:12:50","modified_gmt":"2020-07-09T20:12:50","slug":"visao","status":"publish","type":"page","link":"https:\/\/fbln.me\/ia-ne\/visao\/","title":{"rendered":"Vis\u00e3o"},"content":{"rendered":"\n<h4>Em 5 anos, a IANE dever\u00e1 ser reconhecida como a maior e mais relevante Rede de Pesquisa em IA no Nordeste do Brasil, e ter reconhecidas:        <\/h4>\n\n\n\n<h4>(1) elevada produ\u00e7\u00e3o e dissemina\u00e7\u00e3o de conhecimento, <\/h4>\n\n\n\n<h4>(2) forma\u00e7\u00e3o e capacita\u00e7\u00e3o qualificada de profissionais e pesquisadores, <\/h4>\n\n\n\n<h4>(3) transfer\u00eancias tecnol\u00f3gica de alto impacto.<\/h4>\n","protected":false},"excerpt":{"rendered":"<p>Em 5 anos, a IANE dever\u00e1 ser reconhecida como a maior e mais relevante Rede de Pesquisa em IA no Nordeste do Brasil, e ter reconhecidas: (1) elevada produ\u00e7\u00e3o e dissemina\u00e7\u00e3o de conhecimento, (2) forma\u00e7\u00e3o e capacita\u00e7\u00e3o qualificada de profissionais e pesquisadores, (3) transfer\u00eancias tecnol\u00f3gica de alto impacto.<\/p>\n","protected":false},"author":1,"featured_media":0,"parent":0,"menu_order":0,"comment_status":"closed","ping_status":"closed","template":"","meta":[],"_links":{"self":[{"href":"https:\/\/fbln.me\/ia-ne\/wp-json\/wp\/v2\/pages\/7"}],"collection":[{"href":"https:\/\/fbln.me\/ia-ne\/wp-json\/wp\/v2\/pages"}],"about":[{"href":"https:\/\/fbln.me\/ia-ne\/wp-json\/wp\/v2\/types\/page"}],"author":[{"embeddable":true,"href":"https:\/\/fbln.me\/ia-ne\/wp-json\/wp\/v2\/users\/1"}],"replies":[{"embeddable":true,"href":"https:\/\/fbln.me\/ia-ne\/wp-json\/wp\/v2\/comments?post=7"}],"version-history":[{"count":4,"href":"https:\/\/fbln.me\/ia-ne\/wp-json\/wp\/v2\/pages\/7\/revisions"}],"predecessor-version":[{"id":138,"href":"https:\/\/fbln.me\/ia-ne\/wp-json\/wp\/v2\/pages\/7\/revisions\/138"}],"wp:attachment":[{"href":"https:\/\/fbln.me\/ia-ne\/wp-json\/wp\/v2\/media?parent=7"}],"curies":[{"name":"wp","href":"https:\/\/api.w.org\/{rel}","templated":true}]}}