{"id":8,"date":"2020-06-29T20:48:31","date_gmt":"2020-06-29T20:48:31","guid":{"rendered":"https:\/\/fbln.me\/ia-ne\/?page_id=8"},"modified":"2020-09-27T01:39:15","modified_gmt":"2020-09-27T04:39:15","slug":"missao","status":"publish","type":"page","link":"https:\/\/fbln.me\/ia-ne\/missao\/","title":{"rendered":"Miss\u00e3o"},"content":{"rendered":"\n<h3>Conceber, conduzir e disseminar pesquisas de alto n\u00edvel que possibilitem transfer\u00eancias tecnol\u00f3gicas e capacita\u00e7\u00f5es para resolu\u00e7\u00e3o de problemas complexos na Ind\u00fastria e no Governo, em especial no Nordeste do Brasil.<\/h3>\n","protected":false},"excerpt":{"rendered":"<p>Conceber, conduzir e disseminar pesquisas de alto n\u00edvel que possibilitem transfer\u00eancias tecnol\u00f3gicas e capacita\u00e7\u00f5es para resolu\u00e7\u00e3o de problemas complexos na Ind\u00fastria e no Governo, em especial no Nordeste do Brasil.<\/p>\n","protected":false},"author":1,"featured_media":0,"parent":0,"menu_order":0,"comment_status":"closed","ping_status":"closed","template":"","meta":[],"_links":{"self":[{"href":"https:\/\/fbln.me\/ia-ne\/wp-json\/wp\/v2\/pages\/8"}],"collection":[{"href":"https:\/\/fbln.me\/ia-ne\/wp-json\/wp\/v2\/pages"}],"about":[{"href":"https:\/\/fbln.me\/ia-ne\/wp-json\/wp\/v2\/types\/page"}],"author":[{"embeddable":true,"href":"https:\/\/fbln.me\/ia-ne\/wp-json\/wp\/v2\/users\/1"}],"replies":[{"embeddable":true,"href":"https:\/\/fbln.me\/ia-ne\/wp-json\/wp\/v2\/comments?post=8"}],"version-history":[{"count":5,"href":"https:\/\/fbln.me\/ia-ne\/wp-json\/wp\/v2\/pages\/8\/revisions"}],"predecessor-version":[{"id":183,"href":"https:\/\/fbln.me\/ia-ne\/wp-json\/wp\/v2\/pages\/8\/revisions\/183"}],"wp:attachment":[{"href":"https:\/\/fbln.me\/ia-ne\/wp-json\/wp\/v2\/media?parent=8"}],"curies":[{"name":"wp","href":"https:\/\/api.w.org\/{rel}","templated":true}]}}