{"id":98,"date":"2020-07-02T14:59:57","date_gmt":"2020-07-02T17:59:57","guid":{"rendered":"https:\/\/fbln.me\/ia-ne\/?page_id=98"},"modified":"2020-07-09T17:03:38","modified_gmt":"2020-07-09T20:03:38","slug":"lema","status":"publish","type":"page","link":"https:\/\/fbln.me\/ia-ne\/lema\/","title":{"rendered":"Lema"},"content":{"rendered":"\n<h3>\u201cPesquisar, desenvolver e inovar em IA para transformar problemas complexos em\u00a0 solu\u00e7\u00f5es eficazes e \u00fateis para uma sociedade melhor\u201d<\/h3>\n","protected":false},"excerpt":{"rendered":"<p>\u201cPesquisar, desenvolver e inovar em IA para transformar problemas complexos em\u00a0 solu\u00e7\u00f5es eficazes e \u00fateis para uma sociedade melhor\u201d<\/p>\n","protected":false},"author":1,"featured_media":0,"parent":0,"menu_order":0,"comment_status":"closed","ping_status":"closed","template":"","meta":[],"_links":{"self":[{"href":"https:\/\/fbln.me\/ia-ne\/wp-json\/wp\/v2\/pages\/98"}],"collection":[{"href":"https:\/\/fbln.me\/ia-ne\/wp-json\/wp\/v2\/pages"}],"about":[{"href":"https:\/\/fbln.me\/ia-ne\/wp-json\/wp\/v2\/types\/page"}],"author":[{"embeddable":true,"href":"https:\/\/fbln.me\/ia-ne\/wp-json\/wp\/v2\/users\/1"}],"replies":[{"embeddable":true,"href":"https:\/\/fbln.me\/ia-ne\/wp-json\/wp\/v2\/comments?post=98"}],"version-history":[{"count":3,"href":"https:\/\/fbln.me\/ia-ne\/wp-json\/wp\/v2\/pages\/98\/revisions"}],"predecessor-version":[{"id":135,"href":"https:\/\/fbln.me\/ia-ne\/wp-json\/wp\/v2\/pages\/98\/revisions\/135"}],"wp:attachment":[{"href":"https:\/\/fbln.me\/ia-ne\/wp-json\/wp\/v2\/media?parent=98"}],"curies":[{"name":"wp","href":"https:\/\/api.w.org\/{rel}","templated":true}]}}