{"id":110,"date":"2020-04-09T21:47:54","date_gmt":"2020-04-09T21:47:54","guid":{"rendered":"https:\/\/fbln.me\/projeto-monitorar\/?page_id=110"},"modified":"2020-04-27T14:19:46","modified_gmt":"2020-04-27T14:19:46","slug":"noticias","status":"publish","type":"page","link":"https:\/\/fbln.me\/projeto-monitorar\/?page_id=110","title":{"rendered":"Not\u00edcias"},"content":{"rendered":"\n<br>\n<p>26 de abril de 2020<br><a href=\"https:\/\/jc.ne10.uol.com.br\/colunas\/enem-e-educacao\/2020\/04\/5607222-nas-universidades--cientistas-entram-na-luta-contra-o-coronavirus.html\" style=\"text-decoration: none;border-style: none; font-size: 20px; font-weight:600\">Nas universidades, cientistas entram na luta contra o coronav\u00edrus<\/a><\/p>\n\n\n\n<br>\n<p>16 de abril de 2020<br><a href=\"https:\/\/g1.globo.com\/pe\/pernambuco\/noticia\/2020\/04\/16\/voluntarios-da-upe-desenvolvem-equipamento-que-monitora-saude-dos-pacientes-com-coronavirus.ghtml\" style=\"text-decoration: none;border-style: none; font-size: 20px; font-weight:600\">Volunt\u00e1rios da UPE desenvolvem equipamento que monitora sa\u00fade dos pacientes com coronav\u00edrus<\/a><\/p>\n\n\n\n<br>\n<p>15 de abril de 2020 &#8211; (19m35s ~ 23m)<br><a href=\"https:\/\/tvclubepe.op9.com.br\/programa\/jornal-da-clube\/sections\/17684\" style=\"text-decoration: none;border-style: none; font-size: 20px; font-weight:600\">Alunos e professores da Universidade de Pernambuco criaram um dispositivo que pode auxiliar m\u00e9dicos no diagnostico da covid-19<\/a><\/p>\n\n\n\n<br>\n<p>15 de abril de 2020<br><a href=\"https:\/\/www.youtube.com\/watch?v=BFd9X8RW2gI\" style=\"text-decoration: none;border-style: none; font-size: 20px; font-weight:600\">Pesquisadores da UPE apresentam dispositivo que monitora fun\u00e7\u00f5es vitais de pacientes com Covid-19<\/a><\/p>\n\n\n\n<br>\n<p>09 de abril de 2020<br><a href=\"https:\/\/jc.ne10.uol.com.br\/pernambuco\/2020\/04\/5605527-profissionais-desenvolvem-dispositivo-para-ajudar-a-monitorar-pessoas-infectadas-pelo-coronavirus.html\" style=\"text-decoration: none;border-style: none; font-size: 20px; font-weight:600\">Profissionais desenvolvem dispositivo para ajudar a monitorar pessoas infectadas pelo coronav\u00edrus<\/a><\/p>\n","protected":false},"excerpt":{"rendered":"<p>26 de abril de 2020Nas universidades, cientistas entram na luta contra o coronav\u00edrus 16 de abril de 2020Volunt\u00e1rios da UPE desenvolvem equipamento que monitora sa\u00fade dos pacientes com coronav\u00edrus 15 de abril de 2020 &#8211; (19m35s ~ 23m)Alunos e professores da Universidade de Pernambuco criaram um dispositivo que pode auxiliar m\u00e9dicos no diagnostico da covid-19 &hellip; <a href=\"https:\/\/fbln.me\/projeto-monitorar\/?page_id=110\" class=\"more-link\">Continue lendo<span class=\"screen-reader-text\"> &#8220;Not\u00edcias&#8221;<\/span><\/a><\/p>\n","protected":false},"author":2,"featured_media":0,"parent":0,"menu_order":0,"comment_status":"closed","ping_status":"closed","template":"","meta":[],"_links":{"self":[{"href":"https:\/\/fbln.me\/projeto-monitorar\/index.php?rest_route=\/wp\/v2\/pages\/110"}],"collection":[{"href":"https:\/\/fbln.me\/projeto-monitorar\/index.php?rest_route=\/wp\/v2\/pages"}],"about":[{"href":"https:\/\/fbln.me\/projeto-monitorar\/index.php?rest_route=\/wp\/v2\/types\/page"}],"author":[{"embeddable":true,"href":"https:\/\/fbln.me\/projeto-monitorar\/index.php?rest_route=\/wp\/v2\/users\/2"}],"replies":[{"embeddable":true,"href":"https:\/\/fbln.me\/projeto-monitorar\/index.php?rest_route=%2Fwp%2Fv2%2Fcomments&post=110"}],"version-history":[{"count":10,"href":"https:\/\/fbln.me\/projeto-monitorar\/index.php?rest_route=\/wp\/v2\/pages\/110\/revisions"}],"predecessor-version":[{"id":158,"href":"https:\/\/fbln.me\/projeto-monitorar\/index.php?rest_route=\/wp\/v2\/pages\/110\/revisions\/158"}],"wp:attachment":[{"href":"https:\/\/fbln.me\/projeto-monitorar\/index.php?rest_route=%2Fwp%2Fv2%2Fmedia&parent=110"}],"curies":[{"name":"wp","href":"https:\/\/api.w.org\/{rel}","templated":true}]}}